{"id":436,"date":"2024-07-27T18:18:18","date_gmt":"2024-07-27T18:18:18","guid":{"rendered":"https:\/\/peru.sierinkwp.nl\/overperumotors\/"},"modified":"2025-01-25T11:58:38","modified_gmt":"2025-01-25T11:58:38","slug":"overperumotors","status":"publish","type":"page","link":"https:\/\/peru-self-drive.com\/nl\/overperumotors\/","title":{"rendered":"Over PeruMotors"},"content":{"rendered":"\t\t<div data-elementor-type=\"wp-page\" data-elementor-id=\"436\" class=\"elementor elementor-436 elementor-428\" data-elementor-post-type=\"page\">\n\t\t\t\t<div class=\"elementor-element elementor-element-88136c7 e-flex e-con-boxed e-con e-parent\" data-id=\"88136c7\" data-element_type=\"container\" data-e-type=\"container\" data-settings=\"{&quot;background_background&quot;:&quot;classic&quot;}\">\n\t\t\t\t\t<div class=\"e-con-inner\">\n\t\t<div class=\"elementor-element elementor-element-ab5edbc e-con-full e-flex e-con e-child\" data-id=\"ab5edbc\" data-element_type=\"container\" data-e-type=\"container\">\n\t\t\t\t<div class=\"elementor-element elementor-element-123762f elementor-widget elementor-widget-heading\" data-id=\"123762f\" data-element_type=\"widget\" data-e-type=\"widget\" data-widget_type=\"heading.default\">\n\t\t\t\t\t<h2 class=\"elementor-heading-title elementor-size-default\"><span>Over<\/span>PeruMotors  <\/h2>\t\t\t\t<\/div>\n\t\t\t\t<div class=\"elementor-element elementor-element-4d6b77e elementor-widget elementor-widget-text-editor\" data-id=\"4d6b77e\" data-element_type=\"widget\" data-e-type=\"widget\" data-widget_type=\"text-editor.default\">\n\t\t\t\t\t\t\t\t\t<p>PeruMotors SRL is in 2004 begonnen als een kleinschalige motorreisorganisatie door en voor motorliefhebbers.<br \/>\nVandaag de dag is PeruMotors een van de toonaangevende motorreisorganisaties in Zuid-Amerika.  En Peru&#8217;s grootste verhuurbedrijf van BMW-motoren. Nog steeds onder Nederlands management.<\/p>\n<p>In 2010 werd PeruMotors een &#8216;Offici\u00eble partner van BMW Motorrad&#8217;.<\/p>\n<p>Wij zijn gespecialiseerd in:<\/p>\n<ul>\n<li>Wereldwijd begeleide motortours<\/li>\n<li>Motortours met gids in Peru<\/li>\n<li>Motorverhuur in Peru<\/li>\n<li>(Zelf-) Begeleide 4\u00d74 tochten<\/li>\n<\/ul>\n<p>&#8230; en elke mogelijke combinatie van deze diensten.<\/p>\n<p>PeruMotors heeft een moderne vloot van meer dan 50 motorfietsen:<br \/>&#8211; BMW Motorrad,<br \/>&#8211; Honda,<br \/>&#8211; Kawasaki.<br \/>Aangevuld met 3 ondersteuningsvoertuigen met 2 motortrailers.<\/p>\n<p>Onze eigen motorwerkplaats bevindt zich ook in de stad Arequipa.<\/p>\n\t\t\t\t\t\t\t\t<\/div>\n\t\t\t\t<\/div>\n\t\t<div class=\"elementor-element elementor-element-380f3cc e-con-full e-flex e-con e-child\" data-id=\"380f3cc\" data-element_type=\"container\" data-e-type=\"container\">\n\t\t<div class=\"elementor-element elementor-element-24f5a4a e-flex e-con-boxed e-con e-child\" data-id=\"24f5a4a\" data-element_type=\"container\" data-e-type=\"container\" data-settings=\"{&quot;background_background&quot;:&quot;classic&quot;}\">\n\t\t\t\t\t<div class=\"e-con-inner\">\n\t\t\t\t\t<\/div>\n\t\t\t\t<\/div>\n\t\t\t\t<\/div>\n\t\t\t\t\t<\/div>\n\t\t\t\t<\/div>\n\t\t<div class=\"elementor-element elementor-element-ef44500 e-flex e-con-boxed e-con e-parent\" data-id=\"ef44500\" data-element_type=\"container\" data-e-type=\"container\">\n\t\t\t\t\t<div class=\"e-con-inner\">\n\t\t<div class=\"elementor-element elementor-element-59a590f e-con-full e-flex e-con e-child\" data-id=\"59a590f\" data-element_type=\"container\" data-e-type=\"container\">\n\t\t<div class=\"elementor-element elementor-element-35fd5f0 e-con-full e-flex e-con e-child\" data-id=\"35fd5f0\" data-element_type=\"container\" data-e-type=\"container\">\n\t\t\t\t<div class=\"elementor-element elementor-element-0639c4d elementor-widget elementor-widget-text-editor\" data-id=\"0639c4d\" data-element_type=\"widget\" data-e-type=\"widget\" data-widget_type=\"text-editor.default\">\n\t\t\t\t\t\t\t\t\t<p>Naast onze eigen touractiviteiten verlenen we onze diensten aan een aantal gespecialiseerde motorreisorganisaties uit de hele wereld: USA, Canada, Nederland, Oostenrijk, Brazili\u00eb, Duitsland, Groot-Brittanni\u00eb, Australi\u00eb en Nieuw-Zeeland.<br \/>We zijn begonnen met onze tours in Peru en Bolivia.<br \/>\nVandaag doen we tours in de landen die u aan de rechterkant ziet.<br \/>Onze &#8216;Specials&#8217; naar de VS, Canada, Europa en Nieuw-Zeeland worden door de toeristenindustrie erkend als echte avonturen in een informele setting. <\/p>\n<p>De 2 oprichters (Lars Caldenhoven &amp; Geert Boeder) runnen nog steeds de dagelijkse activiteiten in Arequipa.<br \/>\nEn beiden zijn de professionele motorgidsen van PeruMotors. <\/p>\n<p>Hoofdkantoor in Arequipa, Zuid-Peru.<br \/>In 2019 had PeruMotors meer dan 350 motor- en 4&#215;4-toeristen te gast.<\/p>\n\t\t\t\t\t\t\t\t<\/div>\n\t\t\t\t<\/div>\n\t\t\t\t<\/div>\n\t\t<div class=\"elementor-element elementor-element-8f3d8f7 e-con-full e-flex e-con e-child\" data-id=\"8f3d8f7\" data-element_type=\"container\" data-e-type=\"container\">\n\t\t<div class=\"elementor-element elementor-element-41364d9 e-con-full e-flex e-con e-child\" data-id=\"41364d9\" data-element_type=\"container\" data-e-type=\"container\" data-settings=\"{&quot;background_background&quot;:&quot;classic&quot;}\">\n\t\t\t\t<div class=\"elementor-element elementor-element-821a1c9 elementor-widget elementor-widget-heading\" data-id=\"821a1c9\" data-element_type=\"widget\" data-e-type=\"widget\" data-widget_type=\"heading.default\">\n\t\t\t\t\t<h3 class=\"elementor-heading-title elementor-size-default\">In tegenstelling tot wat onze naam doet vermoeden, nemen we u vandaag mee op rondleidingen in:<\/h3>\t\t\t\t<\/div>\n\t\t\t\t<div class=\"elementor-element elementor-element-72bc276 elementor-widget elementor-widget-text-editor\" data-id=\"72bc276\" data-element_type=\"widget\" data-e-type=\"widget\" data-widget_type=\"text-editor.default\">\n\t\t\t\t\t\t\t\t\t<ul>\n<li>Peru<\/li>\n<li>Bolivia<\/li>\n<li>Chili<\/li>\n<li>Argentini\u00eb<\/li>\n<li>Ecuador<\/li>\n<li>VS<\/li>\n<li>Canada<\/li>\n<li>Mexico<\/li>\n<li>Europa<\/li>\n<li>Nieuw-Zeeland<\/li>\n<\/ul>\n\t\t\t\t\t\t\t\t<\/div>\n\t\t\t\t<\/div>\n\t\t\t\t<\/div>\n\t\t\t\t\t<\/div>\n\t\t\t\t<\/div>\n\t\t<div class=\"elementor-element elementor-element-3bfd15b e-flex e-con-boxed e-con e-parent\" data-id=\"3bfd15b\" data-element_type=\"container\" data-e-type=\"container\">\n\t\t\t\t\t<div class=\"e-con-inner\">\n\t\t<div class=\"elementor-element elementor-element-64f3379 e-con-full e-flex e-con e-child\" data-id=\"64f3379\" data-element_type=\"container\" data-e-type=\"container\">\n\t\t\t\t<div class=\"elementor-element elementor-element-911cb39 elementor-widget elementor-widget-image\" data-id=\"911cb39\" data-element_type=\"widget\" data-e-type=\"widget\" data-widget_type=\"image.default\">\n\t\t\t\t\t\t\t\t\t\t\t\t\t\t\t<img fetchpriority=\"high\" decoding=\"async\" width=\"501\" height=\"501\" src=\"https:\/\/peru-self-drive.com\/wp-content\/uploads\/2024\/07\/image-29.png\" class=\"attachment-large size-large wp-image-444\" alt=\"\" srcset=\"https:\/\/peru-self-drive.com\/wp-content\/uploads\/2024\/07\/image-29.png 501w, https:\/\/peru-self-drive.com\/wp-content\/uploads\/2024\/07\/image-29-350x350.png 350w, https:\/\/peru-self-drive.com\/wp-content\/uploads\/2024\/07\/image-29-200x200.png 200w\" sizes=\"(max-width: 501px) 100vw, 501px\" \/>\t\t\t\t\t\t\t\t\t\t\t\t\t\t\t<\/div>\n\t\t\t\t<\/div>\n\t\t<div class=\"elementor-element elementor-element-0d51d1f e-con-full e-flex e-con e-child\" data-id=\"0d51d1f\" data-element_type=\"container\" data-e-type=\"container\">\n\t\t\t\t<div class=\"elementor-element elementor-element-32cdd55 elementor-widget elementor-widget-heading\" data-id=\"32cdd55\" data-element_type=\"widget\" data-e-type=\"widget\" data-widget_type=\"heading.default\">\n\t\t\t\t\t<h2 class=\"elementor-heading-title elementor-size-default\">Oprichters van PeruMotors<\/h2>\t\t\t\t<\/div>\n\t\t\t\t<div class=\"elementor-element elementor-element-c00668a elementor-widget elementor-widget-text-editor\" data-id=\"c00668a\" data-element_type=\"widget\" data-e-type=\"widget\" data-widget_type=\"text-editor.default\">\n\t\t\t\t\t\t\t\t\t<p>Geert Boeder &amp; Lars Caldenhoven<\/p>\n\t\t\t\t\t\t\t\t<\/div>\n\t\t\t\t<div class=\"elementor-element elementor-element-b67c86f elementor-widget elementor-widget-heading\" data-id=\"b67c86f\" data-element_type=\"widget\" data-e-type=\"widget\" data-widget_type=\"heading.default\">\n\t\t\t\t\t<h2 class=\"elementor-heading-title elementor-size-default\">Bemanning<\/h2>\t\t\t\t<\/div>\n\t\t\t\t<div class=\"elementor-element elementor-element-6a314a3 elementor-widget elementor-widget-text-editor\" data-id=\"6a314a3\" data-element_type=\"widget\" data-e-type=\"widget\" data-widget_type=\"text-editor.default\">\n\t\t\t\t\t\t\t\t\t<ul>\n<li>2 Professionele (motor)gidsen<\/li>\n<li>2 Voltijdse motorfietsmonteurs<\/li>\n<li>1 Boekhouder<\/li>\n<li>2 Freelance gidsen, en<\/li>\n<li>2 Freelance<br \/>chauffeurs\/monteurs<\/li>\n<\/ul>\n<p>De meeste motorgidsen van PeruMotors spreken vloeiend Spaans, Engels, Nederlands en (heel) basis Duits.<\/p>\n\t\t\t\t\t\t\t\t<\/div>\n\t\t\t\t<\/div>\n\t\t\t\t\t<\/div>\n\t\t\t\t<\/div>\n\t\t<div class=\"elementor-element elementor-element-f4bba4e e-flex e-con-boxed e-con e-parent\" data-id=\"f4bba4e\" data-element_type=\"container\" data-e-type=\"container\">\n\t\t\t\t\t<div class=\"e-con-inner\">\n\t\t<div class=\"elementor-element elementor-element-8779613 e-con-full e-flex e-con e-child\" data-id=\"8779613\" data-element_type=\"container\" data-e-type=\"container\">\n\t\t\t\t<div class=\"elementor-element elementor-element-055d5b1 elementor-widget elementor-widget-heading\" data-id=\"055d5b1\" data-element_type=\"widget\" data-e-type=\"widget\" data-widget_type=\"heading.default\">\n\t\t\t\t\t<h2 class=\"elementor-heading-title elementor-size-default\">PeruMotors Crew<\/h2>\t\t\t\t<\/div>\n\t\t\t\t<div class=\"elementor-element elementor-element-a08fa35 elementor-widget elementor-widget-text-editor\" data-id=\"a08fa35\" data-element_type=\"widget\" data-e-type=\"widget\" data-widget_type=\"text-editor.default\">\n\t\t\t\t\t\t\t\t\t<p><strong>Eduardo<\/strong> (bovenste foto rechts)<br \/>Werkt als freelance reisleider op de motor en als chauffeur\/monteur op tours)<\/p>\n<p><strong>Carlos<\/strong> (eerste van links)<br \/>Onze hoofdmonteur<\/p>\n<p><strong>Mauricio<\/strong> (derde van rechts)<br \/>Monteur\/chauffeur<\/p>\n<p><strong>Marisa<\/strong> (derde van links)<br \/>Financi\u00ebn\/Boekhouder<\/p>\n<p><strong>Edi<\/strong> (tweede van rechts)<br \/>Edi is al vele jaren onze bekende freelance monteur\/chauffeur op tours.<\/p>\n\t\t\t\t\t\t\t\t<\/div>\n\t\t\t\t<\/div>\n\t\t<div class=\"elementor-element elementor-element-bff27e3 e-con-full e-flex e-con e-child\" data-id=\"bff27e3\" data-element_type=\"container\" data-e-type=\"container\">\n\t\t\t\t<div class=\"elementor-element elementor-element-0bd2ba2 elementor-widget elementor-widget-image\" data-id=\"0bd2ba2\" data-element_type=\"widget\" data-e-type=\"widget\" data-widget_type=\"image.default\">\n\t\t\t\t\t\t\t\t\t\t\t\t\t\t\t<img decoding=\"async\" width=\"530\" height=\"600\" src=\"https:\/\/peru-self-drive.com\/wp-content\/uploads\/2024\/07\/image-30-530x600.png\" class=\"attachment-large size-large wp-image-450\" alt=\"\" srcset=\"https:\/\/peru-self-drive.com\/wp-content\/uploads\/2024\/07\/image-30-530x600.png 530w, https:\/\/peru-self-drive.com\/wp-content\/uploads\/2024\/07\/image-30-309x350.png 309w, https:\/\/peru-self-drive.com\/wp-content\/uploads\/2024\/07\/image-30.png 605w\" sizes=\"(max-width: 530px) 100vw, 530px\" \/>\t\t\t\t\t\t\t\t\t\t\t\t\t\t\t<\/div>\n\t\t\t\t<\/div>\n\t\t\t\t\t<\/div>\n\t\t\t\t<\/div>\n\t\t\t\t<\/div>\n\t\t","protected":false},"excerpt":{"rendered":"<p>OverPeruMotors PeruMotors SRL is in 2004 begonnen als een kleinschalige motorreisorganisatie door en voor motorliefhebbers. Vandaag de dag is PeruMotors een van de toonaangevende motorreisorganisaties in Zuid-Amerika. En Peru&#8217;s grootste verhuurbedrijf van BMW-motoren. Nog steeds onder Nederlands management. In 2010 werd PeruMotors een &#8216;Offici\u00eble partner van BMW Motorrad&#8217;. Wij zijn gespecialiseerd in: Wereldwijd begeleide motortours [&hellip;]<\/p>\n","protected":false},"author":1,"featured_media":0,"parent":0,"menu_order":0,"comment_status":"closed","ping_status":"closed","template":"","meta":{"_seopress_robots_primary_cat":"","_seopress_titles_title":"","_seopress_titles_desc":"","_seopress_robots_index":"","site-sidebar-layout":"no-sidebar","site-content-layout":"page-builder","ast-site-content-layout":"full-width-container","site-content-style":"default","site-sidebar-style":"default","ast-global-header-display":"","ast-banner-title-visibility":"","ast-main-header-display":"","ast-hfb-above-header-display":"","ast-hfb-below-header-display":"","ast-hfb-mobile-header-display":"","site-post-title":"disabled","ast-breadcrumbs-content":"","ast-featured-img":"disabled","footer-sml-layout":"","ast-disable-related-posts":"","theme-transparent-header-meta":"default","adv-header-id-meta":"","stick-header-meta":"default","header-above-stick-meta":"","header-main-stick-meta":"","header-below-stick-meta":"","astra-migrate-meta-layouts":"set","ast-page-background-enabled":"default","ast-page-background-meta":{"desktop":{"background-color":"","background-image":"","background-repeat":"repeat","background-position":"center center","background-size":"auto","background-attachment":"scroll","background-type":"","background-media":"","overlay-type":"","overlay-color":"","overlay-opacity":"","overlay-gradient":""},"tablet":{"background-color":"","background-image":"","background-repeat":"repeat","background-position":"center center","background-size":"auto","background-attachment":"scroll","background-type":"","background-media":"","overlay-type":"","overlay-color":"","overlay-opacity":"","overlay-gradient":""},"mobile":{"background-color":"","background-image":"","background-repeat":"repeat","background-position":"center center","background-size":"auto","background-attachment":"scroll","background-type":"","background-media":"","overlay-type":"","overlay-color":"","overlay-opacity":"","overlay-gradient":""}},"ast-content-background-meta":{"desktop":{"background-color":"var(--ast-global-color-4)","background-image":"","background-repeat":"repeat","background-position":"center center","background-size":"auto","background-attachment":"scroll","background-type":"","background-media":"","overlay-type":"","overlay-color":"","overlay-opacity":"","overlay-gradient":""},"tablet":{"background-color":"var(--ast-global-color-4)","background-image":"","background-repeat":"repeat","background-position":"center center","background-size":"auto","background-attachment":"scroll","background-type":"","background-media":"","overlay-type":"","overlay-color":"","overlay-opacity":"","overlay-gradient":""},"mobile":{"background-color":"var(--ast-global-color-4)","background-image":"","background-repeat":"repeat","background-position":"center center","background-size":"auto","background-attachment":"scroll","background-type":"","background-media":"","overlay-type":"","overlay-color":"","overlay-opacity":"","overlay-gradient":""}},"iawp_total_views":147,"footnotes":""},"class_list":["post-436","page","type-page","status-publish","hentry"],"_links":{"self":[{"href":"https:\/\/peru-self-drive.com\/nl\/wp-json\/wp\/v2\/pages\/436","targetHints":{"allow":["GET"]}}],"collection":[{"href":"https:\/\/peru-self-drive.com\/nl\/wp-json\/wp\/v2\/pages"}],"about":[{"href":"https:\/\/peru-self-drive.com\/nl\/wp-json\/wp\/v2\/types\/page"}],"author":[{"embeddable":true,"href":"https:\/\/peru-self-drive.com\/nl\/wp-json\/wp\/v2\/users\/1"}],"replies":[{"embeddable":true,"href":"https:\/\/peru-self-drive.com\/nl\/wp-json\/wp\/v2\/comments?post=436"}],"version-history":[{"count":2,"href":"https:\/\/peru-self-drive.com\/nl\/wp-json\/wp\/v2\/pages\/436\/revisions"}],"predecessor-version":[{"id":5443,"href":"https:\/\/peru-self-drive.com\/nl\/wp-json\/wp\/v2\/pages\/436\/revisions\/5443"}],"wp:attachment":[{"href":"https:\/\/peru-self-drive.com\/nl\/wp-json\/wp\/v2\/media?parent=436"}],"curies":[{"name":"wp","href":"https:\/\/api.w.org\/{rel}","templated":true}]}}