{"id":509,"date":"2024-07-27T18:27:11","date_gmt":"2024-07-27T18:27:11","guid":{"rendered":"https:\/\/peru.sierinkwp.nl\/noleggio-moto-peru\/"},"modified":"2026-03-13T12:53:43","modified_gmt":"2026-03-13T12:53:43","slug":"noleggio-moto-peru","status":"publish","type":"page","link":"https:\/\/peru-self-drive.com\/it\/noleggio-moto-peru\/","title":{"rendered":"Tour su misura in auto in Per\u00f9"},"content":{"rendered":"\t\t<div data-elementor-type=\"wp-page\" data-elementor-id=\"509\" class=\"elementor elementor-509 elementor-499\" data-elementor-post-type=\"page\">\n\t\t\t\t<div class=\"elementor-element elementor-element-2cd55a3 e-flex e-con-boxed e-con e-parent\" data-id=\"2cd55a3\" data-element_type=\"container\" data-e-type=\"container\" data-settings=\"{&quot;background_background&quot;:&quot;classic&quot;}\">\n\t\t\t\t\t<div class=\"e-con-inner\">\n\t\t<div class=\"elementor-element elementor-element-e587b16 e-con-full e-flex e-con e-child\" data-id=\"e587b16\" data-element_type=\"container\" data-e-type=\"container\">\n\t\t<div class=\"elementor-element elementor-element-d5f38e3 e-con-full e-flex e-con e-child\" data-id=\"d5f38e3\" data-element_type=\"container\" data-e-type=\"container\">\n\t\t\t\t<div class=\"elementor-element elementor-element-fe2b609 elementor-widget elementor-widget-heading\" data-id=\"fe2b609\" data-element_type=\"widget\" data-e-type=\"widget\" data-widget_type=\"heading.default\">\n\t\t\t\t\t<h1 class=\"elementor-heading-title elementor-size-default\">Tour autogestiti <span>su misura<\/span><br> <\/h1>\t\t\t\t<\/div>\n\t\t\t\t<div class=\"elementor-element elementor-element-2119da0 elementor-widget elementor-widget-text-editor\" data-id=\"2119da0\" data-element_type=\"widget\" data-e-type=\"widget\" data-widget_type=\"text-editor.default\">\n\t\t\t\t\t\t\t\t\t<p>PeruMotors SRL \u00e8 nata nel 2004 come una piccola compagnia di tour in moto da e per gli appassionati di moto. Oggi, PeruMotors \u00e8 uno dei principali tour operator di motociclette in Sud America. E la pi\u00f9 grande societ\u00e0 di noleggio BMW Motorrad del Per\u00f9, in qualit\u00e0 di partner ufficiale di BMW.<\/p><p>Dal 2005 PeruMotors offre anche tour (auto)guidati Self Drive.<br>In Per\u00f9 possiamo &#8220;personalizzare&#8221; il tuo tour esattamente come lo desideri, includendo hotel, escursioni, trasferimenti aeroportuali, ecc. ecc. Sono possibili anche combinazioni con auto e moto. <br><a href=\"https:\/\/peru-self-drive.com\/contact\/\" target=\"_blank\" rel=\"noopener\">Contattaci<\/a> e chiedici cosa \u00e8 possibile fare per te.<\/p><p>Uno dei nostri ospiti ha scritto la sua recensione su <a href=\"https:\/\/www.tripadvisor.com\/ShowUserReviews-g294313-d23800106-r918013693-Peru_Motors-Arequipa_Arequipa_Region.html\">TripAdvisor<\/a>. Puoi leggerla <a href=\"https:\/\/www.tripadvisor.com\/ShowUserReviews-g294313-d23800106-r918013693-Peru_Motors-Arequipa_Arequipa_Region.html\" target=\"_blank\" rel=\"noopener\">qui<\/a>. <\/p>\t\t\t\t\t\t\t\t<\/div>\n\t\t\t\t<\/div>\n\t\t\t\t<\/div>\n\t\t<div class=\"elementor-element elementor-element-e9f3af6 e-con-full e-flex e-con e-child\" data-id=\"e9f3af6\" data-element_type=\"container\" data-e-type=\"container\">\n\t\t<div class=\"elementor-element elementor-element-0a21557 e-flex e-con-boxed e-con e-child\" data-id=\"0a21557\" data-element_type=\"container\" data-e-type=\"container\" data-settings=\"{&quot;background_background&quot;:&quot;classic&quot;}\">\n\t\t\t\t\t<div class=\"e-con-inner\">\n\t\t\t\t\t<\/div>\n\t\t\t\t<\/div>\n\t\t\t\t<\/div>\n\t\t\t\t\t<\/div>\n\t\t\t\t<\/div>\n\t\t<div class=\"elementor-element elementor-element-c85c579 e-flex e-con-boxed e-con e-parent\" data-id=\"c85c579\" data-element_type=\"container\" data-e-type=\"container\">\n\t\t\t\t\t<div class=\"e-con-inner\">\n\t\t<div class=\"elementor-element elementor-element-a228a5b e-con-full e-flex e-con e-child\" data-id=\"a228a5b\" data-element_type=\"container\" data-e-type=\"container\">\n\t\t\t\t<div class=\"elementor-element elementor-element-c13ef7d elementor-widget elementor-widget-image\" data-id=\"c13ef7d\" data-element_type=\"widget\" data-e-type=\"widget\" data-widget_type=\"image.default\">\n\t\t\t\t\t\t\t\t\t\t\t\t\t\t\t<img fetchpriority=\"high\" decoding=\"async\" width=\"450\" height=\"600\" src=\"https:\/\/peru-self-drive.com\/wp-content\/uploads\/2026\/03\/P1040638-450x600.jpeg\" class=\"attachment-large size-large wp-image-17796\" alt=\"\" srcset=\"https:\/\/peru-self-drive.com\/wp-content\/uploads\/2026\/03\/P1040638-450x600.jpeg 450w, https:\/\/peru-self-drive.com\/wp-content\/uploads\/2026\/03\/P1040638-263x350.jpeg 263w, https:\/\/peru-self-drive.com\/wp-content\/uploads\/2026\/03\/P1040638-768x1024.jpeg 768w, https:\/\/peru-self-drive.com\/wp-content\/uploads\/2026\/03\/P1040638-1152x1536.jpeg 1152w, https:\/\/peru-self-drive.com\/wp-content\/uploads\/2026\/03\/P1040638-1536x2048.jpeg 1536w, https:\/\/peru-self-drive.com\/wp-content\/uploads\/2026\/03\/P1040638-scaled.jpeg 1920w\" sizes=\"(max-width: 450px) 100vw, 450px\" \/>\t\t\t\t\t\t\t\t\t\t\t\t\t\t\t<\/div>\n\t\t\t\t<\/div>\n\t\t<div class=\"elementor-element elementor-element-daab967 e-con-full e-flex e-con e-child\" data-id=\"daab967\" data-element_type=\"container\" data-e-type=\"container\">\n\t\t\t\t<div class=\"elementor-element elementor-element-5976bb8 elementor-widget elementor-widget-heading\" data-id=\"5976bb8\" data-element_type=\"widget\" data-e-type=\"widget\" data-widget_type=\"heading.default\">\n\t\t\t\t\t<h2 class=\"elementor-heading-title elementor-size-default\">Fondatori di PeruMotors<\/h2>\t\t\t\t<\/div>\n\t\t\t\t<div class=\"elementor-element elementor-element-4e12ad4 elementor-widget elementor-widget-text-editor\" data-id=\"4e12ad4\" data-element_type=\"widget\" data-e-type=\"widget\" data-widget_type=\"text-editor.default\">\n\t\t\t\t\t\t\t\t\t<p>Geert Boeder e Lars Caldenhoven<\/p>\t\t\t\t\t\t\t\t<\/div>\n\t\t\t\t<div class=\"elementor-element elementor-element-a72774e elementor-widget elementor-widget-heading\" data-id=\"a72774e\" data-element_type=\"widget\" data-e-type=\"widget\" data-widget_type=\"heading.default\">\n\t\t\t\t\t<h2 class=\"elementor-heading-title elementor-size-default\">Personale<\/h2>\t\t\t\t<\/div>\n\t\t\t\t<div class=\"elementor-element elementor-element-dc39451 elementor-widget elementor-widget-text-editor\" data-id=\"dc39451\" data-element_type=\"widget\" data-e-type=\"widget\" data-widget_type=\"text-editor.default\">\n\t\t\t\t\t\t\t\t\t<ul><li>3 Guide professionali (in moto)<\/li><li>2 Meccanici di moto a tempo pieno<\/li><li>1 contabile<\/li><li>2 Guide freelance e<\/li><li>2 Autisti\/meccanici freelance<\/li><\/ul>\t\t\t\t\t\t\t\t<\/div>\n\t\t\t\t<div class=\"elementor-element elementor-element-336ca60 elementor-widget elementor-widget-text-editor\" data-id=\"336ca60\" data-element_type=\"widget\" data-e-type=\"widget\" data-widget_type=\"text-editor.default\">\n\t\t\t\t\t\t\t\t\t<p>La maggior parte delle guide di PeruMotors parla correntemente spagnolo, inglese, olandese e tedesco (molto) elementare.<\/p>\t\t\t\t\t\t\t\t<\/div>\n\t\t\t\t<\/div>\n\t\t\t\t\t<\/div>\n\t\t\t\t<\/div>\n\t\t\t\t<\/div>\n\t\t","protected":false},"excerpt":{"rendered":"<p>Tour autogestiti su misura PeruMotors SRL \u00e8 nata nel 2004 come una piccola compagnia di tour in moto da e per gli appassionati di moto. Oggi, PeruMotors \u00e8 uno dei principali tour operator di motociclette in Sud America. E la pi\u00f9 grande societ\u00e0 di noleggio BMW Motorrad del Per\u00f9, in qualit\u00e0 di partner ufficiale di [&hellip;]<\/p>\n","protected":false},"author":1,"featured_media":0,"parent":0,"menu_order":0,"comment_status":"closed","ping_status":"closed","template":"","meta":{"_seopress_robots_primary_cat":"","_seopress_titles_title":"","_seopress_titles_desc":"","_seopress_robots_index":"","site-sidebar-layout":"no-sidebar","site-content-layout":"page-builder","ast-site-content-layout":"full-width-container","site-content-style":"default","site-sidebar-style":"default","ast-global-header-display":"","ast-banner-title-visibility":"","ast-main-header-display":"","ast-hfb-above-header-display":"","ast-hfb-below-header-display":"","ast-hfb-mobile-header-display":"","site-post-title":"disabled","ast-breadcrumbs-content":"","ast-featured-img":"disabled","footer-sml-layout":"","ast-disable-related-posts":"","theme-transparent-header-meta":"default","adv-header-id-meta":"","stick-header-meta":"default","header-above-stick-meta":"","header-main-stick-meta":"","header-below-stick-meta":"","astra-migrate-meta-layouts":"set","ast-page-background-enabled":"default","ast-page-background-meta":{"desktop":{"background-color":"","background-image":"","background-repeat":"repeat","background-position":"center center","background-size":"auto","background-attachment":"scroll","background-type":"","background-media":"","overlay-type":"","overlay-color":"","overlay-opacity":"","overlay-gradient":""},"tablet":{"background-color":"","background-image":"","background-repeat":"repeat","background-position":"center center","background-size":"auto","background-attachment":"scroll","background-type":"","background-media":"","overlay-type":"","overlay-color":"","overlay-opacity":"","overlay-gradient":""},"mobile":{"background-color":"","background-image":"","background-repeat":"repeat","background-position":"center center","background-size":"auto","background-attachment":"scroll","background-type":"","background-media":"","overlay-type":"","overlay-color":"","overlay-opacity":"","overlay-gradient":""}},"ast-content-background-meta":{"desktop":{"background-color":"var(--ast-global-color-4)","background-image":"","background-repeat":"repeat","background-position":"center center","background-size":"auto","background-attachment":"scroll","background-type":"","background-media":"","overlay-type":"","overlay-color":"","overlay-opacity":"","overlay-gradient":""},"tablet":{"background-color":"var(--ast-global-color-4)","background-image":"","background-repeat":"repeat","background-position":"center center","background-size":"auto","background-attachment":"scroll","background-type":"","background-media":"","overlay-type":"","overlay-color":"","overlay-opacity":"","overlay-gradient":""},"mobile":{"background-color":"var(--ast-global-color-4)","background-image":"","background-repeat":"repeat","background-position":"center center","background-size":"auto","background-attachment":"scroll","background-type":"","background-media":"","overlay-type":"","overlay-color":"","overlay-opacity":"","overlay-gradient":""}},"iawp_total_views":247,"footnotes":""},"class_list":["post-509","page","type-page","status-publish","hentry"],"_links":{"self":[{"href":"https:\/\/peru-self-drive.com\/it\/wp-json\/wp\/v2\/pages\/509","targetHints":{"allow":["GET"]}}],"collection":[{"href":"https:\/\/peru-self-drive.com\/it\/wp-json\/wp\/v2\/pages"}],"about":[{"href":"https:\/\/peru-self-drive.com\/it\/wp-json\/wp\/v2\/types\/page"}],"author":[{"embeddable":true,"href":"https:\/\/peru-self-drive.com\/it\/wp-json\/wp\/v2\/users\/1"}],"replies":[{"embeddable":true,"href":"https:\/\/peru-self-drive.com\/it\/wp-json\/wp\/v2\/comments?post=509"}],"version-history":[{"count":10,"href":"https:\/\/peru-self-drive.com\/it\/wp-json\/wp\/v2\/pages\/509\/revisions"}],"predecessor-version":[{"id":17874,"href":"https:\/\/peru-self-drive.com\/it\/wp-json\/wp\/v2\/pages\/509\/revisions\/17874"}],"wp:attachment":[{"href":"https:\/\/peru-self-drive.com\/it\/wp-json\/wp\/v2\/media?parent=509"}],"curies":[{"name":"wp","href":"https:\/\/api.w.org\/{rel}","templated":true}]}}