{"id":153,"date":"2021-01-15T11:49:32","date_gmt":"2021-01-15T11:49:32","guid":{"rendered":"https:\/\/peru.sierinkwp.nl\/casa\/"},"modified":"2026-04-02T16:58:09","modified_gmt":"2026-04-02T16:58:09","slug":"casa","status":"publish","type":"page","link":"https:\/\/peru-self-drive.com\/it\/","title":{"rendered":"Casa"},"content":{"rendered":"\t\t<div data-elementor-type=\"wp-page\" data-elementor-id=\"153\" class=\"elementor elementor-153 elementor-2\" data-elementor-post-type=\"page\">\n\t\t\t\t<div class=\"elementor-element elementor-element-0acdb6f e-con-full e-flex e-con e-parent\" data-id=\"0acdb6f\" data-element_type=\"container\" data-e-type=\"container\" data-settings=\"{&quot;background_background&quot;:&quot;classic&quot;}\">\n\t\t<div class=\"elementor-element elementor-element-1e6ce5e e-flex e-con-boxed e-con e-child\" data-id=\"1e6ce5e\" data-element_type=\"container\" data-e-type=\"container\">\n\t\t\t\t\t<div class=\"e-con-inner\">\n\t\t\t\t<div class=\"elementor-element elementor-element-6b9cf2f elementor-widget elementor-widget-heading\" data-id=\"6b9cf2f\" data-element_type=\"widget\" data-e-type=\"widget\" data-widget_type=\"heading.default\">\n\t\t\t\t\t<h1 class=\"elementor-heading-title elementor-size-default\">Per\u00f9 in auto <span>- Guida con esperienza<\/span><\/h1>\t\t\t\t<\/div>\n\t\t\t\t<div class=\"elementor-element elementor-element-6dcf043 elementor-align-center elementor-widget elementor-widget-button\" data-id=\"6dcf043\" data-element_type=\"widget\" data-e-type=\"widget\" data-widget_type=\"button.default\">\n\t\t\t\t\t\t\t\t\t\t<a class=\"elementor-button elementor-button-link elementor-size-sm\" href=\"https:\/\/peru-self-drive.com\/it\/programma-del-tour\/\">\n\t\t\t\t\t\t<span class=\"elementor-button-content-wrapper\">\n\t\t\t\t\t\t\t\t\t<span class=\"elementor-button-text\">Programma del tour 2026 \/ 2027<\/span>\n\t\t\t\t\t<\/span>\n\t\t\t\t\t<\/a>\n\t\t\t\t\t\t\t\t<\/div>\n\t\t\t\t\t<\/div>\n\t\t\t\t<\/div>\n\t\t\t\t<\/div>\n\t\t<div class=\"elementor-element elementor-element-382d641 e-flex e-con-boxed e-con e-parent\" data-id=\"382d641\" data-element_type=\"container\" data-e-type=\"container\">\n\t\t\t\t\t<div class=\"e-con-inner\">\n\t\t<a class=\"elementor-element elementor-element-ea7675b e-con-full e-flex e-con e-child\" data-id=\"ea7675b\" data-element_type=\"container\" data-e-type=\"container\" data-settings=\"{&quot;background_background&quot;:&quot;classic&quot;}\" href=\"https:\/\/peru-self-drive.com\/it\/tour-guidati-in-moto-in-peru\/\">\n\t\t\t\t<div class=\"elementor-element elementor-element-3f652bd elementor-widget__width-initial elementor-widget elementor-widget-heading\" data-id=\"3f652bd\" data-element_type=\"widget\" data-e-type=\"widget\" data-widget_type=\"heading.default\">\n\t\t\t\t\t<h2 class=\"elementor-heading-title elementor-size-default\">Tour autoguidati<\/h2>\t\t\t\t<\/div>\n\t\t\t\t<\/a>\n\t\t<a class=\"elementor-element elementor-element-4578e12 e-con-full e-flex e-con e-child\" data-id=\"4578e12\" data-element_type=\"container\" data-e-type=\"container\" data-settings=\"{&quot;background_background&quot;:&quot;classic&quot;}\" href=\"https:\/\/peru-self-drive.com\/it\/tour-in-moto-autoguidati-in-peru\/\">\n\t\t\t\t<div class=\"elementor-element elementor-element-6d0b542 elementor-widget__width-initial elementor-widget elementor-widget-heading\" data-id=\"6d0b542\" data-element_type=\"widget\" data-e-type=\"widget\" data-widget_type=\"heading.default\">\n\t\t\t\t\t<h2 class=\"elementor-heading-title elementor-size-default\">Tour guidati in auto<\/h2>\t\t\t\t<\/div>\n\t\t\t\t<\/a>\n\t\t<a class=\"elementor-element elementor-element-7535b6b e-con-full e-flex e-con e-child\" data-id=\"7535b6b\" data-element_type=\"container\" data-e-type=\"container\" data-settings=\"{&quot;background_background&quot;:&quot;classic&quot;}\" href=\"https:\/\/peru-self-drive.com\/it\/noleggio-moto-peru\/\">\n\t\t\t\t<div class=\"elementor-element elementor-element-c551c9b elementor-widget elementor-widget-heading\" data-id=\"c551c9b\" data-element_type=\"widget\" data-e-type=\"widget\" data-widget_type=\"heading.default\">\n\t\t\t\t\t<h2 class=\"elementor-heading-title elementor-size-default\">Tour autogestiti su misura<\/h2>\t\t\t\t<\/div>\n\t\t\t\t<\/a>\n\t\t<a class=\"elementor-element elementor-element-95a1ae4 e-con-full e-flex e-con e-child\" data-id=\"95a1ae4\" data-element_type=\"container\" data-e-type=\"container\" data-settings=\"{&quot;background_background&quot;:&quot;classic&quot;}\" href=\"https:\/\/perumotors.com\" target=\"_blank\">\n\t\t\t\t<div class=\"jet-satellite-widget elementor-element elementor-element-5dfefb8 elementor-widget__width-inherit elementor-widget elementor-widget-heading\" data-jet-tricks-settings=\"{&quot;satellite&quot;:&quot;true&quot;,&quot;satelliteType&quot;:&quot;image&quot;,&quot;satellitePosition&quot;:&quot;top-right&quot;}\" data-id=\"5dfefb8\" data-element_type=\"widget\" data-e-type=\"widget\" data-widget_type=\"heading.default\">\n\t\t\t\t\t<div class=\"jet-tricks-satellite jet-tricks-satellite--top-right\"><div class=\"jet-tricks-satellite__inner\"><div class=\"jet-tricks-satellite__image\"><img decoding=\"async\" class=\"jet-tricks-satellite__image-instance\" src=\"https:\/\/peru-self-drive.com\/wp-content\/uploads\/2026\/03\/Since-2004-Scheef.png\" alt=\"\"><\/div><\/div><\/div><h2 class=\"elementor-heading-title elementor-size-default\">Per\u00f9Motori<\/h2>\t\t\t\t<\/div>\n\t\t\t\t<\/a>\n\t\t\t\t\t<\/div>\n\t\t\t\t<\/div>\n\t\t<div class=\"elementor-element elementor-element-c40e8a1 e-flex e-con-boxed e-con e-parent\" data-id=\"c40e8a1\" data-element_type=\"container\" data-e-type=\"container\">\n\t\t\t\t\t<div class=\"e-con-inner\">\n\t\t<a class=\"elementor-element elementor-element-0d2ea9a e-con-full e-flex e-con e-child\" data-id=\"0d2ea9a\" data-element_type=\"container\" data-e-type=\"container\" data-settings=\"{&quot;background_background&quot;:&quot;slideshow&quot;,&quot;background_slideshow_gallery&quot;:[{&quot;id&quot;:17796,&quot;url&quot;:&quot;https:\\\/\\\/peru-self-drive.com\\\/wp-content\\\/uploads\\\/2026\\\/03\\\/P1040638-scaled.jpeg&quot;},{&quot;id&quot;:17802,&quot;url&quot;:&quot;https:\\\/\\\/peru-self-drive.com\\\/wp-content\\\/uploads\\\/2026\\\/03\\\/IMG_9555-scaled.jpeg&quot;}],&quot;background_slideshow_slide_duration&quot;:3000,&quot;background_slideshow_transition_duration&quot;:800,&quot;background_slideshow_loop&quot;:&quot;yes&quot;,&quot;background_slideshow_slide_transition&quot;:&quot;fade&quot;}\" href=\"https:\/\/peru-self-drive.com\/it\/noleggio-moto-peru\/\">\n\t\t\t\t<\/a>\n\t\t<div class=\"elementor-element elementor-element-17de856 e-con-full e-flex e-con e-child\" data-id=\"17de856\" data-element_type=\"container\" data-e-type=\"container\">\n\t\t<div class=\"elementor-element elementor-element-004fe77 e-flex e-con-boxed e-con e-child\" data-id=\"004fe77\" data-element_type=\"container\" data-e-type=\"container\">\n\t\t\t\t\t<div class=\"e-con-inner\">\n\t\t\t\t<div class=\"elementor-element elementor-element-0061e22 elementor-widget elementor-widget-heading\" data-id=\"0061e22\" data-element_type=\"widget\" data-e-type=\"widget\" data-widget_type=\"heading.default\">\n\t\t\t\t\t<h2 class=\"elementor-heading-title elementor-size-default\">Informazioni su PeruMotors<\/h2>\t\t\t\t<\/div>\n\t\t\t\t<div class=\"elementor-element elementor-element-6c2008a elementor-widget elementor-widget-text-editor\" data-id=\"6c2008a\" data-element_type=\"widget\" data-e-type=\"widget\" data-widget_type=\"text-editor.default\">\n\t\t\t\t\t\t\t\t\t<p>PeruMotors ha iniziato nel 2004 con tour in moto (auto)guidati in Per\u00f9. Nel 2005 abbiamo aggiunto gli stessi servizi con le auto, con il nome di &#8220;Per\u00f9 Self Drive&#8221;.<br>I nostri servizi si sono evoluti in pacchetti completi (di lusso), con auto a noleggio, prenotazioni alberghiere, escursioni, autista\/guida privata opzionale, ecc.<br>PeruMotors \u00e8 oggi una delle principali compagnie di tour automobilistici in Sud America, specializzata in solidi pacchetti &#8220;Self Drive&#8221; ed emozionanti tour in moto. <\/p><p>I proprietari\/fondatori gestiscono ancora le attivit\u00e0 quotidiane nella nostra citt\u00e0 natale, Arequipa, nel Per\u00f9 meridionale.<\/p><p>Siamo specializzati in:<br>&#8211; Tour autoguidati<br>&#8211; Tour autoguidati su misura<br>&#8211; Tour in moto guidati in tutto il mondo<br>&#8211; Tour autoguidati in moto in Per\u00f9<br>&#8211; Noleggio moto in Per\u00f9<br>&#8211; &#8230; e ogni possibile combinazione di questi servizi.<\/p>\t\t\t\t\t\t\t\t<\/div>\n\t\t\t\t<div class=\"elementor-element elementor-element-17c5e00 elementor-align-left elementor-mobile-align-center elementor-widget elementor-widget-button\" data-id=\"17c5e00\" data-element_type=\"widget\" data-e-type=\"widget\" data-widget_type=\"button.default\">\n\t\t\t\t\t\t\t\t\t\t<a class=\"elementor-button elementor-button-link elementor-size-sm\" href=\"https:\/\/peru-self-drive.com\/it\/noleggio-moto-peru\/\">\n\t\t\t\t\t\t<span class=\"elementor-button-content-wrapper\">\n\t\t\t\t\t\t\t\t\t<span class=\"elementor-button-text\">Scopri di pi\u00f9 su di noi<\/span>\n\t\t\t\t\t<\/span>\n\t\t\t\t\t<\/a>\n\t\t\t\t\t\t\t\t<\/div>\n\t\t\t\t\t<\/div>\n\t\t\t\t<\/div>\n\t\t\t\t<\/div>\n\t\t\t\t\t<\/div>\n\t\t\t\t<\/div>\n\t\t<div class=\"elementor-element elementor-element-458221a e-flex e-con-boxed e-con e-parent\" data-id=\"458221a\" data-element_type=\"container\" data-e-type=\"container\">\n\t\t\t\t\t<div class=\"e-con-inner\">\n\t\t<div class=\"elementor-element elementor-element-a20005b e-flex e-con-boxed e-con e-child\" data-id=\"a20005b\" data-element_type=\"container\" data-e-type=\"container\" data-settings=\"{&quot;background_background&quot;:&quot;classic&quot;}\">\n\t\t\t\t\t<div class=\"e-con-inner\">\n\t\t<div class=\"elementor-element elementor-element-884a96d e-flex e-con-boxed e-con e-child\" data-id=\"884a96d\" data-element_type=\"container\" data-e-type=\"container\">\n\t\t\t\t\t<div class=\"e-con-inner\">\n\t\t\t\t<div class=\"elementor-element elementor-element-bd97892 elementor-view-default elementor-widget elementor-widget-icon\" data-id=\"bd97892\" data-element_type=\"widget\" data-e-type=\"widget\" data-widget_type=\"icon.default\">\n\t\t\t\t\t\t\t<div class=\"elementor-icon-wrapper\">\n\t\t\t<div class=\"elementor-icon\">\n\t\t\t<svg aria-hidden=\"true\" class=\"e-font-icon-svg e-far-newspaper\" viewBox=\"0 0 576 512\" xmlns=\"http:\/\/www.w3.org\/2000\/svg\"><path d=\"M552 64H112c-20.858 0-38.643 13.377-45.248 32H24c-13.255 0-24 10.745-24 24v272c0 30.928 25.072 56 56 56h496c13.255 0 24-10.745 24-24V88c0-13.255-10.745-24-24-24zM48 392V144h16v248c0 4.411-3.589 8-8 8s-8-3.589-8-8zm480 8H111.422c.374-2.614.578-5.283.578-8V112h416v288zM172 280h136c6.627 0 12-5.373 12-12v-96c0-6.627-5.373-12-12-12H172c-6.627 0-12 5.373-12 12v96c0 6.627 5.373 12 12 12zm28-80h80v40h-80v-40zm-40 140v-24c0-6.627 5.373-12 12-12h136c6.627 0 12 5.373 12 12v24c0 6.627-5.373 12-12 12H172c-6.627 0-12-5.373-12-12zm192 0v-24c0-6.627 5.373-12 12-12h104c6.627 0 12 5.373 12 12v24c0 6.627-5.373 12-12 12H364c-6.627 0-12-5.373-12-12zm0-144v-24c0-6.627 5.373-12 12-12h104c6.627 0 12 5.373 12 12v24c0 6.627-5.373 12-12 12H364c-6.627 0-12-5.373-12-12zm0 72v-24c0-6.627 5.373-12 12-12h104c6.627 0 12 5.373 12 12v24c0 6.627-5.373 12-12 12H364c-6.627 0-12-5.373-12-12z\"><\/path><\/svg>\t\t\t<\/div>\n\t\t<\/div>\n\t\t\t\t\t\t<\/div>\n\t\t\t\t<div class=\"elementor-element elementor-element-306ab60 elementor-align-left elementor-widget elementor-widget-button\" data-id=\"306ab60\" data-element_type=\"widget\" data-e-type=\"widget\" data-widget_type=\"button.default\">\n\t\t\t\t\t\t\t\t\t\t<a class=\"elementor-button elementor-button-link elementor-size-sm\" href=\"https:\/\/mailchi.mp\/perumotors\/april-2026\" target=\"_blank\">\n\t\t\t\t\t\t<span class=\"elementor-button-content-wrapper\">\n\t\t\t\t\t\t\t\t\t<span class=\"elementor-button-text\">Leggi la nostra ultima newsletter<\/span>\n\t\t\t\t\t<\/span>\n\t\t\t\t\t<\/a>\n\t\t\t\t\t\t\t\t<\/div>\n\t\t\t\t\t<\/div>\n\t\t\t\t<\/div>\n\t\t<div class=\"elementor-element elementor-element-f55aa6f e-flex e-con-boxed e-con e-child\" data-id=\"f55aa6f\" data-element_type=\"container\" data-e-type=\"container\">\n\t\t\t\t\t<div class=\"e-con-inner\">\n\t\t\t\t<div class=\"elementor-element elementor-element-62a75d4 elementor-mobile-button-align-stretch elementor-button-align-stretch elementor-widget elementor-widget-form\" data-id=\"62a75d4\" data-element_type=\"widget\" data-e-type=\"widget\" data-settings=\"{&quot;step_next_label&quot;:&quot;Avanti&quot;,&quot;step_previous_label&quot;:&quot;Precedente&quot;,&quot;button_width&quot;:&quot;33&quot;,&quot;step_type&quot;:&quot;number_text&quot;,&quot;step_icon_shape&quot;:&quot;circle&quot;}\" data-widget_type=\"form.default\">\n\t\t\t\t\t\t\t<form class=\"elementor-form\" method=\"post\" name=\"Nuovo formulario\" aria-label=\"Nuovo formulario\">\n\t\t\t<input type=\"hidden\" name=\"post_id\" value=\"153\"\/>\n\t\t\t<input type=\"hidden\" name=\"form_id\" value=\"62a75d4\"\/>\n\t\t\t<input type=\"hidden\" name=\"referer_title\" value=\"\" \/>\n\n\t\t\t\n\t\t\t<div class=\"elementor-form-fields-wrapper elementor-labels-above\">\n\t\t\t\t\t\t\t\t<div class=\"elementor-field-type-email elementor-field-group elementor-column elementor-field-group-email elementor-col-33 elementor-field-required elementor-mark-required\">\n\t\t\t\t\t\t\t\t\t\t\t\t\t<input size=\"1\" type=\"email\" name=\"form_fields[email]\" id=\"form-field-email\" class=\"elementor-field elementor-size-sm  elementor-field-textual\" placeholder=\"Email\" required=\"required\">\n\t\t\t\t\t\t\t\t\t\t\t<\/div>\n\t\t\t\t\t\t\t\t<div class=\"elementor-field-type-text elementor-field-group elementor-column elementor-field-group-name elementor-col-33\">\n\t\t\t\t\t\t\t\t\t\t\t\t\t<input size=\"1\" type=\"text\" name=\"form_fields[name]\" id=\"form-field-name\" class=\"elementor-field elementor-size-sm  elementor-field-textual\" placeholder=\"Nome\">\n\t\t\t\t\t\t\t\t\t\t\t<\/div>\n\t\t\t\t\t\t\t\t<div class=\"elementor-field-group elementor-column elementor-field-type-submit elementor-col-33 e-form__buttons\">\n\t\t\t\t\t<button class=\"elementor-button elementor-size-sm\" type=\"submit\">\n\t\t\t\t\t\t<span class=\"elementor-button-content-wrapper\">\n\t\t\t\t\t\t\t\t\t\t\t\t\t\t\t\t\t\t\t\t\t\t<span class=\"elementor-button-text\">Iscriviti<\/span>\n\t\t\t\t\t\t\t\t\t\t\t\t\t<\/span>\n\t\t\t\t\t<\/button>\n\t\t\t\t<\/div>\n\t\t\t<\/div>\n\t\t<\/form>\n\t\t\t\t\t\t<\/div>\n\t\t\t\t\t<\/div>\n\t\t\t\t<\/div>\n\t\t\t\t\t<\/div>\n\t\t\t\t<\/div>\n\t\t\t\t\t<\/div>\n\t\t\t\t<\/div>\n\t\t\t\t<\/div>\n\t\t","protected":false},"excerpt":{"rendered":"<p>Per\u00f9 in auto &#8211; Guida con esperienza Programma del tour 2026 \/ 2027 Tour autoguidati Tour guidati in auto Tour autogestiti su misura Per\u00f9Motori Informazioni su PeruMotors PeruMotors ha iniziato nel 2004 con tour in moto (auto)guidati in Per\u00f9. Nel 2005 abbiamo aggiunto gli stessi servizi con le auto, con il nome di &#8220;Per\u00f9 Self [&hellip;]<\/p>\n","protected":false},"author":1,"featured_media":0,"parent":0,"menu_order":0,"comment_status":"closed","ping_status":"closed","template":"","meta":{"_seopress_robots_primary_cat":"","_seopress_titles_title":"Per\u00f9 Self Drive - Guida con esperienza in Per\u00f9","_seopress_titles_desc":"Raggiungi in auto tutte le attrazioni del Per\u00f9. Vasta offerta di pacchetti autogestiti per Machu Picchu. Dai un'occhiata a.  ","_seopress_robots_index":"","site-sidebar-layout":"no-sidebar","site-content-layout":"page-builder","ast-site-content-layout":"full-width-container","site-content-style":"unboxed","site-sidebar-style":"unboxed","ast-global-header-display":"","ast-banner-title-visibility":"","ast-main-header-display":"","ast-hfb-above-header-display":"","ast-hfb-below-header-display":"","ast-hfb-mobile-header-display":"","site-post-title":"disabled","ast-breadcrumbs-content":"","ast-featured-img":"disabled","footer-sml-layout":"","ast-disable-related-posts":"","theme-transparent-header-meta":"default","adv-header-id-meta":"","stick-header-meta":"default","header-above-stick-meta":"","header-main-stick-meta":"","header-below-stick-meta":"","astra-migrate-meta-layouts":"set","ast-page-background-enabled":"default","ast-page-background-meta":{"desktop":{"background-color":"","background-image":"","background-repeat":"repeat","background-position":"center center","background-size":"auto","background-attachment":"scroll","background-type":"","background-media":"","overlay-type":"","overlay-color":"","overlay-opacity":"","overlay-gradient":""},"tablet":{"background-color":"","background-image":"","background-repeat":"repeat","background-position":"center center","background-size":"auto","background-attachment":"scroll","background-type":"","background-media":"","overlay-type":"","overlay-color":"","overlay-opacity":"","overlay-gradient":""},"mobile":{"background-color":"","background-image":"","background-repeat":"repeat","background-position":"center center","background-size":"auto","background-attachment":"scroll","background-type":"","background-media":"","overlay-type":"","overlay-color":"","overlay-opacity":"","overlay-gradient":""}},"ast-content-background-meta":{"desktop":{"background-color":"var(--ast-global-color-4)","background-image":"","background-repeat":"repeat","background-position":"center center","background-size":"auto","background-attachment":"scroll","background-type":"","background-media":"","overlay-type":"","overlay-color":"","overlay-opacity":"","overlay-gradient":""},"tablet":{"background-color":"var(--ast-global-color-4)","background-image":"","background-repeat":"repeat","background-position":"center center","background-size":"auto","background-attachment":"scroll","background-type":"","background-media":"","overlay-type":"","overlay-color":"","overlay-opacity":"","overlay-gradient":""},"mobile":{"background-color":"var(--ast-global-color-4)","background-image":"","background-repeat":"repeat","background-position":"center center","background-size":"auto","background-attachment":"scroll","background-type":"","background-media":"","overlay-type":"","overlay-color":"","overlay-opacity":"","overlay-gradient":""}},"iawp_total_views":476,"footnotes":""},"class_list":["post-153","page","type-page","status-publish","hentry"],"_links":{"self":[{"href":"https:\/\/peru-self-drive.com\/it\/wp-json\/wp\/v2\/pages\/153","targetHints":{"allow":["GET"]}}],"collection":[{"href":"https:\/\/peru-self-drive.com\/it\/wp-json\/wp\/v2\/pages"}],"about":[{"href":"https:\/\/peru-self-drive.com\/it\/wp-json\/wp\/v2\/types\/page"}],"author":[{"embeddable":true,"href":"https:\/\/peru-self-drive.com\/it\/wp-json\/wp\/v2\/users\/1"}],"replies":[{"embeddable":true,"href":"https:\/\/peru-self-drive.com\/it\/wp-json\/wp\/v2\/comments?post=153"}],"version-history":[{"count":21,"href":"https:\/\/peru-self-drive.com\/it\/wp-json\/wp\/v2\/pages\/153\/revisions"}],"predecessor-version":[{"id":18369,"href":"https:\/\/peru-self-drive.com\/it\/wp-json\/wp\/v2\/pages\/153\/revisions\/18369"}],"wp:attachment":[{"href":"https:\/\/peru-self-drive.com\/it\/wp-json\/wp\/v2\/media?parent=153"}],"curies":[{"name":"wp","href":"https:\/\/api.w.org\/{rel}","templated":true}]}}