{"id":511,"date":"2024-07-27T18:27:11","date_gmt":"2024-07-27T18:27:11","guid":{"rendered":"https:\/\/peru.sierinkwp.nl\/location-de-motos-perou\/"},"modified":"2026-03-13T12:53:43","modified_gmt":"2026-03-13T12:53:43","slug":"location-de-motos-perou","status":"publish","type":"page","link":"https:\/\/peru-self-drive.com\/fr\/location-de-motos-perou\/","title":{"rendered":"P\u00e9rou &#8211; Circuits sur mesure en voiture"},"content":{"rendered":"\t\t<div data-elementor-type=\"wp-page\" data-elementor-id=\"511\" class=\"elementor elementor-511 elementor-499\" data-elementor-post-type=\"page\">\n\t\t\t\t<div class=\"elementor-element elementor-element-2cd55a3 e-flex e-con-boxed e-con e-parent\" data-id=\"2cd55a3\" data-element_type=\"container\" data-e-type=\"container\" data-settings=\"{&quot;background_background&quot;:&quot;classic&quot;}\">\n\t\t\t\t\t<div class=\"e-con-inner\">\n\t\t<div class=\"elementor-element elementor-element-e587b16 e-con-full e-flex e-con e-child\" data-id=\"e587b16\" data-element_type=\"container\" data-e-type=\"container\">\n\t\t<div class=\"elementor-element elementor-element-d5f38e3 e-con-full e-flex e-con e-child\" data-id=\"d5f38e3\" data-element_type=\"container\" data-e-type=\"container\">\n\t\t\t\t<div class=\"elementor-element elementor-element-fe2b609 elementor-widget elementor-widget-heading\" data-id=\"fe2b609\" data-element_type=\"widget\" data-e-type=\"widget\" data-widget_type=\"heading.default\">\n\t\t\t\t\t<h1 class=\"elementor-heading-title elementor-size-default\"><br> Circuits sur <span>mesure<\/span> en autotour<\/h1>\t\t\t\t<\/div>\n\t\t\t\t<div class=\"elementor-element elementor-element-2119da0 elementor-widget elementor-widget-text-editor\" data-id=\"2119da0\" data-element_type=\"widget\" data-e-type=\"widget\" data-widget_type=\"text-editor.default\">\n\t\t\t\t\t\t\t\t\t<p>PeruMotors SRL a vu le jour en 2004 en tant qu&rsquo;entreprise artisanale d&rsquo;excursions en moto par et pour les passionn\u00e9s de moto. Aujourd&rsquo;hui, PeruMotors est l&rsquo;un des principaux organisateurs de voyages \u00e0 moto en Am\u00e9rique du Sud. Et la plus grande soci\u00e9t\u00e9 de location de BMW Motorrad du P\u00e9rou, en tant que partenaire officiel de BMW.<\/p><p>Depuis 2005, PeruMotors propose \u00e9galement des circuits (auto-)guid\u00e9s en voiture.<br>Au P\u00e9rou, nous pouvons adapter votre circuit exactement comme vous le souhaitez, y compris les h\u00f4tels, les excursions, les transferts d&rsquo;a\u00e9roport, etc. etc. Des combinaisons avec des voitures et des motos sont \u00e9galement possibles. <br><a href=\"https:\/\/peru-self-drive.com\/contact\/\" target=\"_blank\" rel=\"noopener\">Contactez-nous<\/a> et demandez-nous ce qui est possible pour vous.<\/p><p>L&rsquo;un de nos h\u00f4tes a \u00e9crit son commentaire sur <a href=\"https:\/\/www.tripadvisor.com\/ShowUserReviews-g294313-d23800106-r918013693-Peru_Motors-Arequipa_Arequipa_Region.html\">TripAdvisor<\/a>. Vous pouvez le lire <a href=\"https:\/\/www.tripadvisor.com\/ShowUserReviews-g294313-d23800106-r918013693-Peru_Motors-Arequipa_Arequipa_Region.html\" target=\"_blank\" rel=\"noopener\">ici<\/a>. <\/p>\t\t\t\t\t\t\t\t<\/div>\n\t\t\t\t<\/div>\n\t\t\t\t<\/div>\n\t\t<div class=\"elementor-element elementor-element-e9f3af6 e-con-full e-flex e-con e-child\" data-id=\"e9f3af6\" data-element_type=\"container\" data-e-type=\"container\">\n\t\t<div class=\"elementor-element elementor-element-0a21557 e-flex e-con-boxed e-con e-child\" data-id=\"0a21557\" data-element_type=\"container\" data-e-type=\"container\" data-settings=\"{&quot;background_background&quot;:&quot;classic&quot;}\">\n\t\t\t\t\t<div class=\"e-con-inner\">\n\t\t\t\t\t<\/div>\n\t\t\t\t<\/div>\n\t\t\t\t<\/div>\n\t\t\t\t\t<\/div>\n\t\t\t\t<\/div>\n\t\t<div class=\"elementor-element elementor-element-c85c579 e-flex e-con-boxed e-con e-parent\" data-id=\"c85c579\" data-element_type=\"container\" data-e-type=\"container\">\n\t\t\t\t\t<div class=\"e-con-inner\">\n\t\t<div class=\"elementor-element elementor-element-a228a5b e-con-full e-flex e-con e-child\" data-id=\"a228a5b\" data-element_type=\"container\" data-e-type=\"container\">\n\t\t\t\t<div class=\"elementor-element elementor-element-c13ef7d elementor-widget elementor-widget-image\" data-id=\"c13ef7d\" data-element_type=\"widget\" data-e-type=\"widget\" data-widget_type=\"image.default\">\n\t\t\t\t\t\t\t\t\t\t\t\t\t\t\t<img fetchpriority=\"high\" decoding=\"async\" width=\"450\" height=\"600\" src=\"https:\/\/peru-self-drive.com\/wp-content\/uploads\/2026\/03\/P1040638-450x600.jpeg\" class=\"attachment-large size-large wp-image-17794\" alt=\"\" srcset=\"https:\/\/peru-self-drive.com\/wp-content\/uploads\/2026\/03\/P1040638-450x600.jpeg 450w, https:\/\/peru-self-drive.com\/wp-content\/uploads\/2026\/03\/P1040638-263x350.jpeg 263w, https:\/\/peru-self-drive.com\/wp-content\/uploads\/2026\/03\/P1040638-768x1024.jpeg 768w, https:\/\/peru-self-drive.com\/wp-content\/uploads\/2026\/03\/P1040638-1152x1536.jpeg 1152w, https:\/\/peru-self-drive.com\/wp-content\/uploads\/2026\/03\/P1040638-1536x2048.jpeg 1536w, https:\/\/peru-self-drive.com\/wp-content\/uploads\/2026\/03\/P1040638-scaled.jpeg 1920w\" sizes=\"(max-width: 450px) 100vw, 450px\" \/>\t\t\t\t\t\t\t\t\t\t\t\t\t\t\t<\/div>\n\t\t\t\t<\/div>\n\t\t<div class=\"elementor-element elementor-element-daab967 e-con-full e-flex e-con e-child\" data-id=\"daab967\" data-element_type=\"container\" data-e-type=\"container\">\n\t\t\t\t<div class=\"elementor-element elementor-element-5976bb8 elementor-widget elementor-widget-heading\" data-id=\"5976bb8\" data-element_type=\"widget\" data-e-type=\"widget\" data-widget_type=\"heading.default\">\n\t\t\t\t\t<h2 class=\"elementor-heading-title elementor-size-default\">Fondateurs de PeruMotors<\/h2>\t\t\t\t<\/div>\n\t\t\t\t<div class=\"elementor-element elementor-element-4e12ad4 elementor-widget elementor-widget-text-editor\" data-id=\"4e12ad4\" data-element_type=\"widget\" data-e-type=\"widget\" data-widget_type=\"text-editor.default\">\n\t\t\t\t\t\t\t\t\t<p>Geert Boeder &amp; Lars Caldenhoven<\/p>\t\t\t\t\t\t\t\t<\/div>\n\t\t\t\t<div class=\"elementor-element elementor-element-a72774e elementor-widget elementor-widget-heading\" data-id=\"a72774e\" data-element_type=\"widget\" data-e-type=\"widget\" data-widget_type=\"heading.default\">\n\t\t\t\t\t<h2 class=\"elementor-heading-title elementor-size-default\">Personnel<\/h2>\t\t\t\t<\/div>\n\t\t\t\t<div class=\"elementor-element elementor-element-dc39451 elementor-widget elementor-widget-text-editor\" data-id=\"dc39451\" data-element_type=\"widget\" data-e-type=\"widget\" data-widget_type=\"text-editor.default\">\n\t\t\t\t\t\t\t\t\t<ul><li>3 guides professionnels (\u00e0 moto)<\/li><li>2 m\u00e9caniciens moto \u00e0 temps plein<\/li><li>1 Comptable<\/li><li>2 Guides ind\u00e9pendants, et<\/li><li>2 Chauffeurs\/m\u00e9caniciens ind\u00e9pendants<\/li><\/ul>\t\t\t\t\t\t\t\t<\/div>\n\t\t\t\t<div class=\"elementor-element elementor-element-336ca60 elementor-widget elementor-widget-text-editor\" data-id=\"336ca60\" data-element_type=\"widget\" data-e-type=\"widget\" data-widget_type=\"text-editor.default\">\n\t\t\t\t\t\t\t\t\t<p>La plupart des guides de PeruMotors parlent couramment l&rsquo;espagnol, l&rsquo;anglais, le n\u00e9erlandais et des rudiments d&rsquo;allemand.<\/p>\t\t\t\t\t\t\t\t<\/div>\n\t\t\t\t<\/div>\n\t\t\t\t\t<\/div>\n\t\t\t\t<\/div>\n\t\t\t\t<\/div>\n\t\t","protected":false},"excerpt":{"rendered":"<p>Circuits sur mesure en autotour PeruMotors SRL a vu le jour en 2004 en tant qu&rsquo;entreprise artisanale d&rsquo;excursions en moto par et pour les passionn\u00e9s de moto. Aujourd&rsquo;hui, PeruMotors est l&rsquo;un des principaux organisateurs de voyages \u00e0 moto en Am\u00e9rique du Sud. Et la plus grande soci\u00e9t\u00e9 de location de BMW Motorrad du P\u00e9rou, en [&hellip;]<\/p>\n","protected":false},"author":1,"featured_media":0,"parent":0,"menu_order":0,"comment_status":"closed","ping_status":"closed","template":"","meta":{"_seopress_robots_primary_cat":"","_seopress_titles_title":"","_seopress_titles_desc":"","_seopress_robots_index":"","site-sidebar-layout":"no-sidebar","site-content-layout":"page-builder","ast-site-content-layout":"full-width-container","site-content-style":"default","site-sidebar-style":"default","ast-global-header-display":"","ast-banner-title-visibility":"","ast-main-header-display":"","ast-hfb-above-header-display":"","ast-hfb-below-header-display":"","ast-hfb-mobile-header-display":"","site-post-title":"disabled","ast-breadcrumbs-content":"","ast-featured-img":"disabled","footer-sml-layout":"","ast-disable-related-posts":"","theme-transparent-header-meta":"default","adv-header-id-meta":"","stick-header-meta":"default","header-above-stick-meta":"","header-main-stick-meta":"","header-below-stick-meta":"","astra-migrate-meta-layouts":"set","ast-page-background-enabled":"default","ast-page-background-meta":{"desktop":{"background-color":"","background-image":"","background-repeat":"repeat","background-position":"center center","background-size":"auto","background-attachment":"scroll","background-type":"","background-media":"","overlay-type":"","overlay-color":"","overlay-opacity":"","overlay-gradient":""},"tablet":{"background-color":"","background-image":"","background-repeat":"repeat","background-position":"center center","background-size":"auto","background-attachment":"scroll","background-type":"","background-media":"","overlay-type":"","overlay-color":"","overlay-opacity":"","overlay-gradient":""},"mobile":{"background-color":"","background-image":"","background-repeat":"repeat","background-position":"center center","background-size":"auto","background-attachment":"scroll","background-type":"","background-media":"","overlay-type":"","overlay-color":"","overlay-opacity":"","overlay-gradient":""}},"ast-content-background-meta":{"desktop":{"background-color":"var(--ast-global-color-4)","background-image":"","background-repeat":"repeat","background-position":"center center","background-size":"auto","background-attachment":"scroll","background-type":"","background-media":"","overlay-type":"","overlay-color":"","overlay-opacity":"","overlay-gradient":""},"tablet":{"background-color":"var(--ast-global-color-4)","background-image":"","background-repeat":"repeat","background-position":"center center","background-size":"auto","background-attachment":"scroll","background-type":"","background-media":"","overlay-type":"","overlay-color":"","overlay-opacity":"","overlay-gradient":""},"mobile":{"background-color":"var(--ast-global-color-4)","background-image":"","background-repeat":"repeat","background-position":"center center","background-size":"auto","background-attachment":"scroll","background-type":"","background-media":"","overlay-type":"","overlay-color":"","overlay-opacity":"","overlay-gradient":""}},"iawp_total_views":296,"footnotes":""},"class_list":["post-511","page","type-page","status-publish","hentry"],"_links":{"self":[{"href":"https:\/\/peru-self-drive.com\/fr\/wp-json\/wp\/v2\/pages\/511","targetHints":{"allow":["GET"]}}],"collection":[{"href":"https:\/\/peru-self-drive.com\/fr\/wp-json\/wp\/v2\/pages"}],"about":[{"href":"https:\/\/peru-self-drive.com\/fr\/wp-json\/wp\/v2\/types\/page"}],"author":[{"embeddable":true,"href":"https:\/\/peru-self-drive.com\/fr\/wp-json\/wp\/v2\/users\/1"}],"replies":[{"embeddable":true,"href":"https:\/\/peru-self-drive.com\/fr\/wp-json\/wp\/v2\/comments?post=511"}],"version-history":[{"count":9,"href":"https:\/\/peru-self-drive.com\/fr\/wp-json\/wp\/v2\/pages\/511\/revisions"}],"predecessor-version":[{"id":17873,"href":"https:\/\/peru-self-drive.com\/fr\/wp-json\/wp\/v2\/pages\/511\/revisions\/17873"}],"wp:attachment":[{"href":"https:\/\/peru-self-drive.com\/fr\/wp-json\/wp\/v2\/media?parent=511"}],"curies":[{"name":"wp","href":"https:\/\/api.w.org\/{rel}","templated":true}]}}