{"id":508,"date":"2024-07-27T18:27:11","date_gmt":"2024-07-27T18:27:11","guid":{"rendered":"https:\/\/peru.sierinkwp.nl\/alquiler-de-motos-peru\/"},"modified":"2026-03-13T12:53:43","modified_gmt":"2026-03-13T12:53:43","slug":"alquiler-de-motos-peru","status":"publish","type":"page","link":"https:\/\/peru-self-drive.com\/es\/alquiler-de-motos-peru\/","title":{"rendered":"Recorridos en coche por Per\u00fa a medida"},"content":{"rendered":"\t\t<div data-elementor-type=\"wp-page\" data-elementor-id=\"508\" class=\"elementor elementor-508 elementor-499\" data-elementor-post-type=\"page\">\n\t\t\t\t<div class=\"elementor-element elementor-element-2cd55a3 e-flex e-con-boxed e-con e-parent\" data-id=\"2cd55a3\" data-element_type=\"container\" data-e-type=\"container\" data-settings=\"{&quot;background_background&quot;:&quot;classic&quot;}\">\n\t\t\t\t\t<div class=\"e-con-inner\">\n\t\t<div class=\"elementor-element elementor-element-e587b16 e-con-full e-flex e-con e-child\" data-id=\"e587b16\" data-element_type=\"container\" data-e-type=\"container\">\n\t\t<div class=\"elementor-element elementor-element-d5f38e3 e-con-full e-flex e-con e-child\" data-id=\"d5f38e3\" data-element_type=\"container\" data-e-type=\"container\">\n\t\t\t\t<div class=\"elementor-element elementor-element-fe2b609 elementor-widget elementor-widget-heading\" data-id=\"fe2b609\" data-element_type=\"widget\" data-e-type=\"widget\" data-widget_type=\"heading.default\">\n\t\t\t\t\t<h1 class=\"elementor-heading-title elementor-size-default\">Viajes en coche <span>a medida<\/span><br> <\/h1>\t\t\t\t<\/div>\n\t\t\t\t<div class=\"elementor-element elementor-element-2119da0 elementor-widget elementor-widget-text-editor\" data-id=\"2119da0\" data-element_type=\"widget\" data-e-type=\"widget\" data-widget_type=\"text-editor.default\">\n\t\t\t\t\t\t\t\t\t<p>PeruMotors SRL comenz\u00f3 en 2004 como una empresa de viajes en moto a peque\u00f1a escala por y para entusiastas de las motos. Hoy en d\u00eda, PeruMotors es uno de los principales operadores tur\u00edsticos de motocicletas en Sudam\u00e9rica. Y la mayor empresa de alquiler de BMW Motorrad de Per\u00fa, como socio oficial de BMW.<\/p><p>Desde 2005 PeruMotors ofrece tambi\u00e9n viajes (auto)guiados Self Drive.<br>En Per\u00fa podemos \u00abconfeccionar\u00bb tu viaje exactamente como lo desees, incluyendo hoteles, excursiones, traslados al aeropuerto, etc. etc. Incluso son posibles combinaciones con coches y motos. <br><a href=\"https:\/\/peru-self-drive.com\/contact\/\" target=\"_blank\" rel=\"noopener\">Ponte en contacto con nosotros<\/a> y preg\u00fantanos qu\u00e9 es posible para ti.<\/p><p>Uno de nuestros hu\u00e9spedes escribi\u00f3 su rese\u00f1a en <a href=\"https:\/\/www.tripadvisor.com\/ShowUserReviews-g294313-d23800106-r918013693-Peru_Motors-Arequipa_Arequipa_Region.html\">TripAdvisor<\/a>. Puedes leerla <a href=\"https:\/\/www.tripadvisor.com\/ShowUserReviews-g294313-d23800106-r918013693-Peru_Motors-Arequipa_Arequipa_Region.html\" target=\"_blank\" rel=\"noopener\">aqu\u00ed<\/a>. <\/p>\t\t\t\t\t\t\t\t<\/div>\n\t\t\t\t<\/div>\n\t\t\t\t<\/div>\n\t\t<div class=\"elementor-element elementor-element-e9f3af6 e-con-full e-flex e-con e-child\" data-id=\"e9f3af6\" data-element_type=\"container\" data-e-type=\"container\">\n\t\t<div class=\"elementor-element elementor-element-0a21557 e-flex e-con-boxed e-con e-child\" data-id=\"0a21557\" data-element_type=\"container\" data-e-type=\"container\" data-settings=\"{&quot;background_background&quot;:&quot;classic&quot;}\">\n\t\t\t\t\t<div class=\"e-con-inner\">\n\t\t\t\t\t<\/div>\n\t\t\t\t<\/div>\n\t\t\t\t<\/div>\n\t\t\t\t\t<\/div>\n\t\t\t\t<\/div>\n\t\t<div class=\"elementor-element elementor-element-c85c579 e-flex e-con-boxed e-con e-parent\" data-id=\"c85c579\" data-element_type=\"container\" data-e-type=\"container\">\n\t\t\t\t\t<div class=\"e-con-inner\">\n\t\t<div class=\"elementor-element elementor-element-a228a5b e-con-full e-flex e-con e-child\" data-id=\"a228a5b\" data-element_type=\"container\" data-e-type=\"container\">\n\t\t\t\t<div class=\"elementor-element elementor-element-c13ef7d elementor-widget elementor-widget-image\" data-id=\"c13ef7d\" data-element_type=\"widget\" data-e-type=\"widget\" data-widget_type=\"image.default\">\n\t\t\t\t\t\t\t\t\t\t\t\t\t\t\t<img fetchpriority=\"high\" decoding=\"async\" width=\"450\" height=\"600\" src=\"https:\/\/peru-self-drive.com\/wp-content\/uploads\/2026\/03\/P1040638-450x600.jpeg\" class=\"attachment-large size-large wp-image-17797\" alt=\"\" srcset=\"https:\/\/peru-self-drive.com\/wp-content\/uploads\/2026\/03\/P1040638-450x600.jpeg 450w, https:\/\/peru-self-drive.com\/wp-content\/uploads\/2026\/03\/P1040638-263x350.jpeg 263w, https:\/\/peru-self-drive.com\/wp-content\/uploads\/2026\/03\/P1040638-768x1024.jpeg 768w, https:\/\/peru-self-drive.com\/wp-content\/uploads\/2026\/03\/P1040638-1152x1536.jpeg 1152w, https:\/\/peru-self-drive.com\/wp-content\/uploads\/2026\/03\/P1040638-1536x2048.jpeg 1536w, https:\/\/peru-self-drive.com\/wp-content\/uploads\/2026\/03\/P1040638-scaled.jpeg 1920w\" sizes=\"(max-width: 450px) 100vw, 450px\" \/>\t\t\t\t\t\t\t\t\t\t\t\t\t\t\t<\/div>\n\t\t\t\t<\/div>\n\t\t<div class=\"elementor-element elementor-element-daab967 e-con-full e-flex e-con e-child\" data-id=\"daab967\" data-element_type=\"container\" data-e-type=\"container\">\n\t\t\t\t<div class=\"elementor-element elementor-element-5976bb8 elementor-widget elementor-widget-heading\" data-id=\"5976bb8\" data-element_type=\"widget\" data-e-type=\"widget\" data-widget_type=\"heading.default\">\n\t\t\t\t\t<h2 class=\"elementor-heading-title elementor-size-default\">Fundadores de PeruMotors<\/h2>\t\t\t\t<\/div>\n\t\t\t\t<div class=\"elementor-element elementor-element-4e12ad4 elementor-widget elementor-widget-text-editor\" data-id=\"4e12ad4\" data-element_type=\"widget\" data-e-type=\"widget\" data-widget_type=\"text-editor.default\">\n\t\t\t\t\t\t\t\t\t<p>Geert Boeder y Lars Caldenhoven<\/p>\t\t\t\t\t\t\t\t<\/div>\n\t\t\t\t<div class=\"elementor-element elementor-element-a72774e elementor-widget elementor-widget-heading\" data-id=\"a72774e\" data-element_type=\"widget\" data-e-type=\"widget\" data-widget_type=\"heading.default\">\n\t\t\t\t\t<h2 class=\"elementor-heading-title elementor-size-default\">Personal<\/h2>\t\t\t\t<\/div>\n\t\t\t\t<div class=\"elementor-element elementor-element-dc39451 elementor-widget elementor-widget-text-editor\" data-id=\"dc39451\" data-element_type=\"widget\" data-e-type=\"widget\" data-widget_type=\"text-editor.default\">\n\t\t\t\t\t\t\t\t\t<ul><li>3 Gu\u00edas profesionales (en moto)<\/li><li>2 Mec\u00e1nicos de motocicletas a tiempo completo<\/li><li>1 Contable<\/li><li>2 Gu\u00edas aut\u00f3nomos, y<\/li><li>2 Conductores\/mec\u00e1nicos aut\u00f3nomos<\/li><\/ul>\t\t\t\t\t\t\t\t<\/div>\n\t\t\t\t<div class=\"elementor-element elementor-element-336ca60 elementor-widget elementor-widget-text-editor\" data-id=\"336ca60\" data-element_type=\"widget\" data-e-type=\"widget\" data-widget_type=\"text-editor.default\">\n\t\t\t\t\t\t\t\t\t<p>La mayor\u00eda de los gu\u00edas en moto de PeruMotors hablan con fluidez espa\u00f1ol, ingl\u00e9s, holand\u00e9s y alem\u00e1n (muy) b\u00e1sico.<\/p>\t\t\t\t\t\t\t\t<\/div>\n\t\t\t\t<\/div>\n\t\t\t\t\t<\/div>\n\t\t\t\t<\/div>\n\t\t\t\t<\/div>\n\t\t","protected":false},"excerpt":{"rendered":"<p>Viajes en coche a medida PeruMotors SRL comenz\u00f3 en 2004 como una empresa de viajes en moto a peque\u00f1a escala por y para entusiastas de las motos. Hoy en d\u00eda, PeruMotors es uno de los principales operadores tur\u00edsticos de motocicletas en Sudam\u00e9rica. Y la mayor empresa de alquiler de BMW Motorrad de Per\u00fa, como socio [&hellip;]<\/p>\n","protected":false},"author":1,"featured_media":0,"parent":0,"menu_order":0,"comment_status":"closed","ping_status":"closed","template":"","meta":{"_seopress_robots_primary_cat":"","_seopress_titles_title":"","_seopress_titles_desc":"","_seopress_robots_index":"","site-sidebar-layout":"no-sidebar","site-content-layout":"page-builder","ast-site-content-layout":"full-width-container","site-content-style":"default","site-sidebar-style":"default","ast-global-header-display":"","ast-banner-title-visibility":"","ast-main-header-display":"","ast-hfb-above-header-display":"","ast-hfb-below-header-display":"","ast-hfb-mobile-header-display":"","site-post-title":"disabled","ast-breadcrumbs-content":"","ast-featured-img":"disabled","footer-sml-layout":"","ast-disable-related-posts":"","theme-transparent-header-meta":"default","adv-header-id-meta":"","stick-header-meta":"default","header-above-stick-meta":"","header-main-stick-meta":"","header-below-stick-meta":"","astra-migrate-meta-layouts":"set","ast-page-background-enabled":"default","ast-page-background-meta":{"desktop":{"background-color":"","background-image":"","background-repeat":"repeat","background-position":"center center","background-size":"auto","background-attachment":"scroll","background-type":"","background-media":"","overlay-type":"","overlay-color":"","overlay-opacity":"","overlay-gradient":""},"tablet":{"background-color":"","background-image":"","background-repeat":"repeat","background-position":"center center","background-size":"auto","background-attachment":"scroll","background-type":"","background-media":"","overlay-type":"","overlay-color":"","overlay-opacity":"","overlay-gradient":""},"mobile":{"background-color":"","background-image":"","background-repeat":"repeat","background-position":"center center","background-size":"auto","background-attachment":"scroll","background-type":"","background-media":"","overlay-type":"","overlay-color":"","overlay-opacity":"","overlay-gradient":""}},"ast-content-background-meta":{"desktop":{"background-color":"var(--ast-global-color-4)","background-image":"","background-repeat":"repeat","background-position":"center center","background-size":"auto","background-attachment":"scroll","background-type":"","background-media":"","overlay-type":"","overlay-color":"","overlay-opacity":"","overlay-gradient":""},"tablet":{"background-color":"var(--ast-global-color-4)","background-image":"","background-repeat":"repeat","background-position":"center center","background-size":"auto","background-attachment":"scroll","background-type":"","background-media":"","overlay-type":"","overlay-color":"","overlay-opacity":"","overlay-gradient":""},"mobile":{"background-color":"var(--ast-global-color-4)","background-image":"","background-repeat":"repeat","background-position":"center center","background-size":"auto","background-attachment":"scroll","background-type":"","background-media":"","overlay-type":"","overlay-color":"","overlay-opacity":"","overlay-gradient":""}},"iawp_total_views":5490,"footnotes":""},"class_list":["post-508","page","type-page","status-publish","hentry"],"_links":{"self":[{"href":"https:\/\/peru-self-drive.com\/es\/wp-json\/wp\/v2\/pages\/508","targetHints":{"allow":["GET"]}}],"collection":[{"href":"https:\/\/peru-self-drive.com\/es\/wp-json\/wp\/v2\/pages"}],"about":[{"href":"https:\/\/peru-self-drive.com\/es\/wp-json\/wp\/v2\/types\/page"}],"author":[{"embeddable":true,"href":"https:\/\/peru-self-drive.com\/es\/wp-json\/wp\/v2\/users\/1"}],"replies":[{"embeddable":true,"href":"https:\/\/peru-self-drive.com\/es\/wp-json\/wp\/v2\/comments?post=508"}],"version-history":[{"count":10,"href":"https:\/\/peru-self-drive.com\/es\/wp-json\/wp\/v2\/pages\/508\/revisions"}],"predecessor-version":[{"id":17872,"href":"https:\/\/peru-self-drive.com\/es\/wp-json\/wp\/v2\/pages\/508\/revisions\/17872"}],"wp:attachment":[{"href":"https:\/\/peru-self-drive.com\/es\/wp-json\/wp\/v2\/media?parent=508"}],"curies":[{"name":"wp","href":"https:\/\/api.w.org\/{rel}","templated":true}]}}